{"id":200759,"date":"2024-12-02T12:41:29","date_gmt":"2024-12-02T11:41:29","guid":{"rendered":"https:\/\/staging.fundacioncarf.org\/?page_id=200759"},"modified":"2025-11-12T14:20:07","modified_gmt":"2025-11-12T13:20:07","slug":"pamplona-encuentro-con-benefactores","status":"publish","type":"page","link":"https:\/\/staging.fundacioncarf.org\/pl\/peregrinaciones-fundacion-carf\/pamplona-encuentro-con-benefactores\/","title":{"rendered":"Pampeluna: spotkanie z dobroczy\u0144cami"},"content":{"rendered":"","protected":false},"excerpt":{"rendered":"<p>Ka\u017cdego roku w Fundacji CARF prze\u017cywamy d\u0142ugo wyczekiwane wydarzenie. To niezapomniany dzie\u0144, w kt\u00f3rym dobroczy\u0144cy i przyjaciele prze\u017cywaj\u0105 dzie\u0144 pe\u0142en emocji razem z seminarzystami i formatorami w Mi\u0119dzynarodowym Seminarium Bidasoa w Pampelunie.<\/p>","protected":false},"author":719,"featured_media":200762,"parent":170120,"menu_order":3,"comment_status":"closed","ping_status":"closed","template":"","meta":{"_acf_changed":false,"give_campaign_id":0,"footnotes":""},"class_list":["post-200759","page","type-page","status-publish","has-post-thumbnail","hentry"],"acf":[],"campaignId":"","_links":{"self":[{"href":"https:\/\/staging.fundacioncarf.org\/pl\/wp-json\/wp\/v2\/pages\/200759","targetHints":{"allow":["GET"]}}],"collection":[{"href":"https:\/\/staging.fundacioncarf.org\/pl\/wp-json\/wp\/v2\/pages"}],"about":[{"href":"https:\/\/staging.fundacioncarf.org\/pl\/wp-json\/wp\/v2\/types\/page"}],"author":[{"embeddable":true,"href":"https:\/\/staging.fundacioncarf.org\/pl\/wp-json\/wp\/v2\/users\/719"}],"replies":[{"embeddable":true,"href":"https:\/\/staging.fundacioncarf.org\/pl\/wp-json\/wp\/v2\/comments?post=200759"}],"version-history":[{"count":4,"href":"https:\/\/staging.fundacioncarf.org\/pl\/wp-json\/wp\/v2\/pages\/200759\/revisions"}],"predecessor-version":[{"id":226447,"href":"https:\/\/staging.fundacioncarf.org\/pl\/wp-json\/wp\/v2\/pages\/200759\/revisions\/226447"}],"up":[{"embeddable":true,"href":"https:\/\/staging.fundacioncarf.org\/pl\/wp-json\/wp\/v2\/pages\/170120"}],"wp:featuredmedia":[{"embeddable":true,"href":"https:\/\/staging.fundacioncarf.org\/pl\/wp-json\/wp\/v2\/media\/200762"}],"wp:attachment":[{"href":"https:\/\/staging.fundacioncarf.org\/pl\/wp-json\/wp\/v2\/media?parent=200759"}],"curies":[{"name":"wp","href":"https:\/\/api.w.org\/{rel}","templated":true}]}}