{"id":200759,"date":"2024-12-02T12:41:29","date_gmt":"2024-12-02T11:41:29","guid":{"rendered":"https:\/\/staging.fundacioncarf.org\/?page_id=200759"},"modified":"2025-11-12T14:20:07","modified_gmt":"2025-11-12T13:20:07","slug":"pamplona-encuentro-con-benefactores","status":"publish","type":"page","link":"https:\/\/staging.fundacioncarf.org\/fr\/peregrinaciones-fundacion-carf\/pamplona-encuentro-con-benefactores\/","title":{"rendered":"Pampelune : rencontre avec les bienfaiteurs"},"content":{"rendered":"","protected":false},"excerpt":{"rendered":"<p>Chaque ann\u00e9e, la Fondation CARF vit un \u00e9v\u00e9nement tr\u00e8s attendu. Une journ\u00e9e inoubliable o\u00f9 bienfaiteurs et amis vivent une journ\u00e9e d'\u00e9motions avec les s\u00e9minaristes et les formateurs du S\u00e9minaire International de la Bidassoa \u00e0 Pampelune.<\/p>","protected":false},"author":719,"featured_media":200762,"parent":170120,"menu_order":3,"comment_status":"closed","ping_status":"closed","template":"","meta":{"_acf_changed":false,"give_campaign_id":0,"footnotes":""},"class_list":["post-200759","page","type-page","status-publish","has-post-thumbnail","hentry"],"acf":[],"campaignId":"","_links":{"self":[{"href":"https:\/\/staging.fundacioncarf.org\/fr\/wp-json\/wp\/v2\/pages\/200759","targetHints":{"allow":["GET"]}}],"collection":[{"href":"https:\/\/staging.fundacioncarf.org\/fr\/wp-json\/wp\/v2\/pages"}],"about":[{"href":"https:\/\/staging.fundacioncarf.org\/fr\/wp-json\/wp\/v2\/types\/page"}],"author":[{"embeddable":true,"href":"https:\/\/staging.fundacioncarf.org\/fr\/wp-json\/wp\/v2\/users\/719"}],"replies":[{"embeddable":true,"href":"https:\/\/staging.fundacioncarf.org\/fr\/wp-json\/wp\/v2\/comments?post=200759"}],"version-history":[{"count":4,"href":"https:\/\/staging.fundacioncarf.org\/fr\/wp-json\/wp\/v2\/pages\/200759\/revisions"}],"predecessor-version":[{"id":226447,"href":"https:\/\/staging.fundacioncarf.org\/fr\/wp-json\/wp\/v2\/pages\/200759\/revisions\/226447"}],"up":[{"embeddable":true,"href":"https:\/\/staging.fundacioncarf.org\/fr\/wp-json\/wp\/v2\/pages\/170120"}],"wp:featuredmedia":[{"embeddable":true,"href":"https:\/\/staging.fundacioncarf.org\/fr\/wp-json\/wp\/v2\/media\/200762"}],"wp:attachment":[{"href":"https:\/\/staging.fundacioncarf.org\/fr\/wp-json\/wp\/v2\/media?parent=200759"}],"curies":[{"name":"wp","href":"https:\/\/api.w.org\/{rel}","templated":true}]}}