{"id":170055,"date":"2025-04-30T06:00:48","date_gmt":"2025-04-30T04:00:48","guid":{"rendered":"https:\/\/carfundacion.roymo.info\/?page_id=170055"},"modified":"2026-01-22T11:08:03","modified_gmt":"2026-01-22T10:08:03","slug":"testamento-ley","status":"publish","type":"page","link":"https:\/\/staging.fundacioncarf.org\/fr\/donar\/legado-testamento-solidario\/testamento-ley\/","title":{"rendered":"Droit des testaments et des h\u00e9ritages"},"content":{"rendered":"","protected":false},"excerpt":{"rendered":"<p>D\u00e9couvrez la l\u00e9gislation en mati\u00e8re de testaments et de legs dans chaque communaut\u00e9 autonome d'Espagne. Et vous b\u00e9n\u00e9ficiez d'une r\u00e9duction d'imp\u00f4t en aidant la Fondation CARF.<\/p>","protected":false},"author":4,"featured_media":227828,"parent":170026,"menu_order":0,"comment_status":"closed","ping_status":"closed","template":"","meta":{"_acf_changed":false,"give_campaign_id":0,"footnotes":""},"class_list":["post-170055","page","type-page","status-publish","has-post-thumbnail","hentry"],"acf":[],"campaignId":"0","_links":{"self":[{"href":"https:\/\/staging.fundacioncarf.org\/fr\/wp-json\/wp\/v2\/pages\/170055","targetHints":{"allow":["GET"]}}],"collection":[{"href":"https:\/\/staging.fundacioncarf.org\/fr\/wp-json\/wp\/v2\/pages"}],"about":[{"href":"https:\/\/staging.fundacioncarf.org\/fr\/wp-json\/wp\/v2\/types\/page"}],"author":[{"embeddable":true,"href":"https:\/\/staging.fundacioncarf.org\/fr\/wp-json\/wp\/v2\/users\/4"}],"replies":[{"embeddable":true,"href":"https:\/\/staging.fundacioncarf.org\/fr\/wp-json\/wp\/v2\/comments?post=170055"}],"version-history":[{"count":11,"href":"https:\/\/staging.fundacioncarf.org\/fr\/wp-json\/wp\/v2\/pages\/170055\/revisions"}],"predecessor-version":[{"id":227829,"href":"https:\/\/staging.fundacioncarf.org\/fr\/wp-json\/wp\/v2\/pages\/170055\/revisions\/227829"}],"up":[{"embeddable":true,"href":"https:\/\/staging.fundacioncarf.org\/fr\/wp-json\/wp\/v2\/pages\/170026"}],"wp:featuredmedia":[{"embeddable":true,"href":"https:\/\/staging.fundacioncarf.org\/fr\/wp-json\/wp\/v2\/media\/227828"}],"wp:attachment":[{"href":"https:\/\/staging.fundacioncarf.org\/fr\/wp-json\/wp\/v2\/media?parent=170055"}],"curies":[{"name":"wp","href":"https:\/\/api.w.org\/{rel}","templated":true}]}}